{"id":2037,"date":"2024-08-24T10:57:33","date_gmt":"2024-08-24T09:57:33","guid":{"rendered":"https:\/\/boof360.de\/?page_id=2037"},"modified":"2026-04-29T10:37:35","modified_gmt":"2026-04-29T09:37:35","slug":"wie-viel-kostet-eine-360-virtual-tour-bei-mir","status":"publish","type":"page","link":"https:\/\/boof360.de\/index.php\/wie-viel-kostet-eine-360-virtual-tour-bei-mir\/","title":{"rendered":"angebot anfordern \u2013 Was kostet eine 360\u00b0 Virtual Tour?"},"content":{"rendered":"\t\t<div data-elementor-type=\"wp-page\" data-elementor-id=\"2037\" class=\"elementor elementor-2037\" data-elementor-post-type=\"page\">\n\t\t\t\t<div class=\"elementor-element elementor-element-31ec1877 e-flex e-con-boxed e-con e-parent\" data-id=\"31ec1877\" data-element_type=\"container\" data-e-type=\"container\" data-settings=\"{&quot;background_background&quot;:&quot;classic&quot;}\">\n\t\t\t\t\t<div class=\"e-con-inner\">\n\t\t\t\t<div class=\"elementor-element elementor-element-1af5390d elementor-widget elementor-widget-heading\" data-id=\"1af5390d\" data-element_type=\"widget\" data-e-type=\"widget\" data-widget_type=\"heading.default\">\n\t\t\t\t<div class=\"elementor-widget-container\">\n\t\t\t\t\t<h1 class=\"elementor-heading-title elementor-size-default\">Was kostet ein virtueller 360-Grad-Rundgang?<\/h1>\t\t\t\t<\/div>\n\t\t\t\t<\/div>\n\t\t<div class=\"elementor-element elementor-element-14747ac e-con-full e-flex e-con e-child\" data-id=\"14747ac\" data-element_type=\"container\" data-e-type=\"container\">\n\t\t\t\t<div class=\"elementor-element elementor-element-32699f9 elementor-widget elementor-widget-text-editor\" data-id=\"32699f9\" data-element_type=\"widget\" data-e-type=\"widget\" data-widget_type=\"text-editor.default\">\n\t\t\t\t<div class=\"elementor-widget-container\">\n\t\t\t\t\t\t\t\t\t<p data-path-to-node=\"4\"><i data-path-to-node=\"4\" data-index-in-node=\"0\">Detaillierte \u00dcbersicht unserer Leistungen<\/i><\/p><p data-path-to-node=\"5\">Um Ihnen maximale Flexibilit\u00e4t zu bieten, basiert unsere Preisberechnung auf einem modularen System. So zahlen Sie nur f\u00fcr das, was Sie tats\u00e4chlich ben\u00f6tigen.<\/p>\t\t\t\t\t\t\t\t<\/div>\n\t\t\t\t<\/div>\n\t\t\t\t<div class=\"elementor-element elementor-element-d2fb39c elementor-widget elementor-widget-text-editor\" data-id=\"d2fb39c\" data-element_type=\"widget\" data-e-type=\"widget\" data-widget_type=\"text-editor.default\">\n\t\t\t\t<div class=\"elementor-widget-container\">\n\t\t\t\t\t\t\t\t\t<h4 data-path-to-node=\"6\"><b data-path-to-node=\"6\" data-index-in-node=\"0\">1. Einmalige Erstellungskosten (Aufnahme &amp; Bearbeitung)<\/b><\/h4><ul data-path-to-node=\"7\"><li><p data-path-to-node=\"7,0,0\"><b data-path-to-node=\"7,0,0\" data-index-in-node=\"0\">Pro Aufnahme (360\u00b0-Panorama-Shot):<\/b> <b data-path-to-node=\"7,0,0\" data-index-in-node=\"35\">20,- \u20ac<\/b> Hochaufl\u00f6sende Fotografie Ihrer R\u00e4umlichkeiten mit modernster Technik.<\/p><\/li><li><p data-path-to-node=\"7,1,0\"><b data-path-to-node=\"7,1,0\" data-index-in-node=\"0\">Erstellung der Tour (Pro Shot):<\/b> <b data-path-to-node=\"7,1,0\" data-index-in-node=\"32\">30,- \u20ac<\/b> Professionelles &#8222;Stitching&#8220; (Zusammenf\u00fcgen der Bilder), Farbanpassung und HDR-Optimierung.<\/p><\/li><\/ul><h4 data-path-to-node=\"8\"><b data-path-to-node=\"8\" data-index-in-node=\"0\">2. Ver\u00f6ffentlichung &amp; Plattform<\/b><\/h4><ul data-path-to-node=\"9\"><li><p data-path-to-node=\"9,0,0\"><b data-path-to-node=\"9,0,0\" data-index-in-node=\"0\">Google Maps Integration (Gesamtprojekt):<\/b> <b data-path-to-node=\"9,0,0\" data-index-in-node=\"41\">60,- \u20ac (einmalig)<\/b> Vollst\u00e4ndige Einbindung des Rundgangs in Ihr Google Business-Profil und Street View.<\/p><\/li><li><p data-path-to-node=\"9,1,0\"><b data-path-to-node=\"9,1,0\" data-index-in-node=\"0\">Interaktive Premium-Plattform:<\/b> <b data-path-to-node=\"9,1,0\" data-index-in-node=\"31\">140,- \u20ac (pro Jahr)<\/b> Hosting Ihrer Tour auf unserer Fachplattform inklusive individuellem Branding, Men\u00fcs und bis zu 6 interaktiven Panorama-Punkten.<\/p><\/li><\/ul>\t\t\t\t\t\t\t\t<\/div>\n\t\t\t\t<\/div>\n\t\t\t\t<\/div>\n\t\t\t\t\t<\/div>\n\t\t\t\t<\/div>\n\t\t<div class=\"elementor-element elementor-element-58a7484 e-con-full e-flex e-con e-parent\" data-id=\"58a7484\" data-element_type=\"container\" data-e-type=\"container\" data-settings=\"{&quot;background_background&quot;:&quot;classic&quot;}\">\n\t\t\t\t<div class=\"elementor-element elementor-element-60dfd32 elementor-widget elementor-widget-heading\" data-id=\"60dfd32\" data-element_type=\"widget\" data-e-type=\"widget\" data-widget_type=\"heading.default\">\n\t\t\t\t<div class=\"elementor-widget-container\">\n\t\t\t\t\t<h1 class=\"elementor-heading-title elementor-size-default\">Unser Starter-Paket (Beispielrechnung)<\/h1>\t\t\t\t<\/div>\n\t\t\t\t<\/div>\n\t\t<div class=\"elementor-element elementor-element-e14731d e-con-full e-flex e-con e-child\" data-id=\"e14731d\" data-element_type=\"container\" data-e-type=\"container\">\n\t\t\t\t<div class=\"elementor-element elementor-element-c91a20f elementor-widget elementor-widget-text-editor\" data-id=\"c91a20f\" data-element_type=\"widget\" data-e-type=\"widget\" data-widget_type=\"text-editor.default\">\n\t\t\t\t<div class=\"elementor-widget-container\">\n\t\t\t\t\t\t\t\t\t<p data-path-to-node=\"4\">F\u00fcr ein optimales Ergebnis empfehlen wir unser attraktives Starter-Paket f\u00fcr kleine Unternehmen:<\/p>\t\t\t\t\t\t\t\t<\/div>\n\t\t\t\t<\/div>\n\t\t\t\t<div class=\"elementor-element elementor-element-96a2bf1 elementor-widget__width-inherit elementor-widget elementor-widget-html\" data-id=\"96a2bf1\" data-element_type=\"widget\" data-e-type=\"widget\" data-widget_type=\"html.default\">\n\t\t\t\t<div class=\"elementor-widget-container\">\n\t\t\t\t\t<div class=\"table-container\">\r\n    <table class=\"price-comparison-table\">\r\n        <thead>\r\n            <tr>\r\n                <th class=\"text-left\">Leistung<\/th>\r\n                <th>Einzelpreis<\/th>\r\n                <th >Summe<\/th>\r\n            <\/tr>\r\n        <\/thead>\r\n        <tbody>\r\n            <tr>\r\n                <td class=\"text-left\">4 Professionelle 360\u00b0-Aufnahmen<\/td>\r\n                <td>4 x 20,- \u20ac<\/td>\r\n                <td>80,- \u20ac<\/td>\r\n            <\/tr>\r\n            <tr>\r\n                <td class=\"text-left\">Erstellung & Bearbeitung der Tour<\/td>\r\n                <td>4 x 30,- \u20ac<\/td>\r\n                <td>120,- \u20ac<\/td>\r\n            <\/tr>\r\n            <tr>\r\n                <td class=\"text-left\">Google Maps Ver\u00f6ffentlichung<\/td>\r\n                <td>Einmalig<\/td>\r\n                <td>60,- \u20ac<\/td>\r\n            <\/tr>\r\n            <tr>\r\n                <td class=\"text-left\">Summe Erstellung (Einmalig)<\/td>\r\n                <td><\/td>\r\n                <td>260,- \u20ac<\/td>\r\n            <\/tr>\r\n            <tr>\r\n                <td class=\"text-left\">Premium-Plattform (1. Jahr)<\/td>\r\n                <td><\/td>\r\n                <td>140,- \u20ac<\/td>\r\n            <\/tr>\r\n\r\n            <tr class=\"footer-row\">\r\n                <td class=\"price-label\">Gesamtpreis (1. Jahr)<\/td>\r\n                <td class=\"price-value\"><br><small><\/small><\/td>\r\n                <td class=\"price-value active-column\">400 \u20ac* <br><small>(inkl. 1. Jahr Plattform)<\/small><\/td>\r\n            <\/tr>\r\n        <\/tbody>\r\n    <\/table>\r\n    <p class=\"footnote\">*Alle Preise zzgl. MwSt. Ab dem 2. Jahr ist die Plattform-Nutzung optional (140 \u20ac\/Jahr).<\/p>\r\n<\/div>\t\t\t\t<\/div>\n\t\t\t\t<\/div>\n\t\t\t\t<div class=\"elementor-element elementor-element-0c298f5 elementor-widget elementor-widget-text-editor\" data-id=\"0c298f5\" data-element_type=\"widget\" data-e-type=\"widget\" data-widget_type=\"text-editor.default\">\n\t\t\t\t<div class=\"elementor-widget-container\">\n\t\t\t\t\t\t\t\t\t<ul data-path-to-node=\"17\"><li><h3 data-path-to-node=\"16\"><b data-path-to-node=\"16\" data-index-in-node=\"0\">Wichtige Hinweise:<\/b><\/h3><ul data-path-to-node=\"17\"><li><p data-path-to-node=\"17,0,0\"><b data-path-to-node=\"17,0,0\" data-index-in-node=\"0\">Eigentumsrecht:<\/b> Die Pr\u00e4senz auf Google Maps bleibt Ihnen nach der einmaligen Zahlung dauerhaft erhalten, auch wenn Sie den Plattform-Service k\u00fcndigen.<\/p><\/li><li><p data-path-to-node=\"17,1,0\"><b data-path-to-node=\"17,1,0\" data-index-in-node=\"0\">Flexibilit\u00e4t:<\/b> Ab dem zweiten Jahr entscheiden Sie j\u00e4hrlich neu, ob Sie die interaktiven Funktionen der Premium-Plattform f\u00fcr 140,- \u20ac weiterhin nutzen m\u00f6chten.<\/p><\/li><li><p data-path-to-node=\"17,2,0\"><b data-path-to-node=\"17,2,0\" data-index-in-node=\"0\">Erweiterbarkeit:<\/b> Sie ben\u00f6tigen mehr als 6 Panorama-Punkte? Gerne erstellen wir Ihnen ein individuelles Angebot f\u00fcr gr\u00f6\u00dfere Projekte (Hotels, Hallen, Autoh\u00e4user).<\/p><\/li><\/ul><\/li><\/ul>\t\t\t\t\t\t\t\t<\/div>\n\t\t\t\t<\/div>\n\t\t\t\t<\/div>\n\t\t\t\t<\/div>\n\t\t<div class=\"elementor-element elementor-element-e91f2fa e-flex e-con-boxed e-con e-parent\" data-id=\"e91f2fa\" data-element_type=\"container\" data-e-type=\"container\">\n\t\t\t\t\t<div class=\"e-con-inner\">\n\t\t\t\t<div class=\"elementor-element elementor-element-eb46a4e elementor-widget elementor-widget-html\" data-id=\"eb46a4e\" data-element_type=\"widget\" data-e-type=\"widget\" data-widget_type=\"html.default\">\n\t\t\t\t<div class=\"elementor-widget-container\">\n\t\t\t\t\t<div class=\"boof-pricing-wrapper\">\r\n    <div class=\"boof-pricing-header\">\r\n        <h2>W\u00e4hlen Sie Ihren passenden Plan<\/h2>\r\n        <p>Skalierbare L\u00f6sungen f\u00fcr jedes Projekt. Transparent und fair.<\/p>\r\n    <\/div>\r\n\r\n    <div class=\"boof-table-container\">\r\n        <table class=\"boof-table\" style=\"width: 100%; border-collapse: collapse; table-layout: auto;\">\r\n            <thead>\r\n                <tr>\r\n                    <th class=\"boof-feature empty-cell\"><\/th>\r\n                    \r\n\r\n\r\n                    <th>\r\n                        <h3>Starter<\/h3>\r\n                        <div class=\"boof-price\">140\u20ac<span>\/Jahr<\/span><\/div>\r\n                        <p class=\"boof-desc\">Die beste L\u00f6sung f\u00fcr den Mittelstand<\/p>\r\n                       \r\n                    <\/th>\r\n                    \r\n                    <th class=\"highlighted\">\r\n                        <div class=\"boof-badge\">Am beliebtesten<\/div>\r\n                        <h3>Pro<\/h3>\r\n                        <div class=\"boof-price\">299\u20ac<span>\/Jahr<\/span><\/div>\r\n                        <p class=\"boof-desc\">Ideal f\u00fcr Unternehmen mit mehreren Standorten<\/p>\r\n                       \r\n                    <\/th>\r\n                    \r\n                    <th>\r\n                        <h3>Agency<\/h3>\r\n                        <div class=\"boof-price\">Auf Anfrage<\/div>\r\n                        <p class=\"boof-desc\">F\u00fcr Agenturen & Unternehmen<\/p>\r\n                        <a href=\"https:\/\/boof360.de\/index.php\/unverbindliche-anfrage\/\" class=\"btn-buy btn-outline\">Kontakt aufnehmen<\/a>\r\n                    <\/th>\r\n                <\/tr>\r\n            <\/thead>\r\n            <tbody>\r\n                <tr class=\"boof-section-title\"><td colspan=\"5\">Hosting & Speicherplatz<\/td><\/tr>\r\n                <tr>\r\n                    <td class=\"boof-feature\">Aktive Touren<\/td>\r\n                    <td>2<\/td>\r\n                    <td>5<\/td>\r\n                    <td>Unbegrenzt<\/td>\r\n                <\/tr>\r\n                <tr>\r\n                    <td class=\"boof-feature\">Speicherplatz<\/td>\r\n                    <td>2 GB<\/td>\r\n                    <td>10 GB<\/td>\r\n                    <td>Nach Bedarf<\/td>\r\n                <\/tr>\r\n                <tr>\r\n                    <td class=\"boof-feature\">Panorama-Upload-Gr\u00f6\u00dfe<\/td>\r\n                    <td>150 MB<\/td>\r\n                    <td>300 MB<\/td>\r\n                    <td>300 MB<\/td>\r\n                <\/tr>\r\n                <tr>\r\n                    <td class=\"boof-feature\">\r\n                         <div class=\"boof-tooltip\">Szenen pro Tour *\r\n                             <span class=\"boof-tooltiptext\">Die Gesamtzahl der 360\u00b0-Panoramen, die Sie in einem einzigen virtuellen Rundgang hochladen und miteinander verkn\u00fcpfen k\u00f6nnen.<\/span>\r\n                         <\/div>\r\n                    <\/td>\r\n                    <td>6 \/ Tour<\/td>\r\n                    <td>20 \/ Tour<\/td>\r\n                    <td>Unbegrenzt<\/td>\r\n                <\/tr>\r\n                <tr>\r\n                    <td class=\"boof-feature\">\r\n                         <div class=\"boof-tooltip\">Ausflugsziele *\r\n                             <span class=\"boof-tooltiptext\">Diese Funktion erm\u00f6glicht es, externe Points of Interest (POIs) und touristische Attraktionen direkt in Ihre 360\u00b0-Tour einzubinden, um den Informationswert f\u00fcr die Nutzer zu steigern.<\/span>\r\n                    <td>20<\/td>\r\n                    <td>Unbegrenzt<\/td>\r\n                    <td>Unbegrenzt<\/td>\r\n                <\/tr>\r\n\r\n                <tr class=\"boof-section-title\"><td colspan=\"5\">Interaktive Elemente<\/td><\/tr>\r\n                <tr>\r\n                    <td class=\"boof-feature\">\r\n                         <div class=\"boof-tooltip\">Google Street View  ver\u00f6ffentlichen *\r\n                             <span class=\"boof-tooltiptext\">Laden Sie Ihren Rundgang direkt in Google Street View hoch\u060c um Ihre Sichtbarkeit bei Google Maps zu erh\u00f6hen.<\/span>\r\n                    <td class=\"check\">\u2714<\/td>\r\n                    <td class=\"check\">\u2714<\/td>\r\n                    <td class=\"check\">\u2714<\/td>\r\n                <\/tr>\r\n                <tr>\r\n                    <td class=\"boof-feature\">Statistiken<\/td>\r\n                    <td class=\"cross\">\u2718<\/td>\r\n                    <td class=\"check\">\u2714<\/td>\r\n                    <td class=\"check\">\u2714<\/td>\r\n                <\/tr>\r\n                <tr>\r\n                    <td class=\"boof-feature\">\r\n                         <div class=\"boof-tooltip\">Pr\u00e4sentation *\r\n                             <span class=\"boof-tooltiptext\">Startet einen automatischen Rundgang durch alle Szenen \u2013 ideal f\u00fcr Messen oder Schaufenster-Displays.<\/span>\r\n                    <td class=\"cross\">\u2718<\/td>\r\n                    <td class=\"check\">\u2714<\/td>\r\n                    <td class=\"check\">\u2714<\/td>\r\n                <\/tr>\r\n                <tr>\r\n                    <td class=\"boof-feature\">360\u00b0 Videotour<\/td>\r\n                    <td class=\"cross\">\u2718<\/td>\r\n                    <td class=\"check\">\u2714<\/td>\r\n                    <td class=\"check\">\u2714<\/td>\r\n                <\/tr>\r\n                <tr>\r\n                    <td class=\"boof-feature\">3D Ansicht<\/td>\r\n                    <td class=\"cross\">\u2718<\/td>\r\n                    <td class=\"check\">\u2714<\/td>\r\n                    <td class=\"check\">\u2714<\/td>\r\n                <\/tr>\r\n                <tr>\r\n                    <td class=\"boof-feature\">\r\n                         <div class=\"boof-tooltip\">Editor UI *\r\n                             <span class=\"boof-tooltiptext\">Erm\u00f6glicht die vollst\u00e4ndige Anpassung des Designs und der interaktiven Elemente Ihres Rundgangs ohne Programmierkenntnisse.<\/span>\r\n                    <td class=\"check\">\u2714<\/td>\r\n                    <td class=\"check\">\u2714<\/td>\r\n                    <td class=\"check\">\u2714<\/td>\r\n                <\/tr>\r\n                 <tr>\r\n                    <td class=\"boof-feature\">\r\n                         <div class=\"boof-tooltip\">Online Shop *\r\n                             <span class=\"boof-tooltiptext\">Verkn\u00fcpfen Sie Ihre Produkte direkt im virtuellen Rundgang. Kunden k\u00f6nnen Artikel ansehen und mit einem Klick sofort in den Warenkorb legen.<\/span>\r\n                    <td class=\"cross\">\u2718<\/td>\r\n                    <td class=\"check\">\u2714<\/td>\r\n                    <td class=\"check\">\u2714<\/td>\r\n                <\/tr>\r\n                <tr>\r\n                    <td class=\"boof-feature\">Medienbiblothek<\/td>\r\n                    <td class=\"check\">\u2714<\/td>\r\n                    <td class=\"check\">\u2714<\/td>\r\n                    <td class=\"check\">\u2714<\/td>\r\n                <\/tr>\r\n                <tr>\r\n                    <td class=\"boof-feature\">Mehrsprachig<\/td>\r\n                    <td class=\"cross\">\u2718<\/td>\r\n                    <td class=\"check\">\u2714<\/td>\r\n                    <td class=\"check\">\u2714<\/td>\r\n                <\/tr>\r\n                <tr>\r\n                    <td class=\"boof-feature\">Automatische \u00dcbersetzung<\/td>\r\n                    <td class=\"cross\">\u2718<\/td>\r\n                    <td class=\"check\">\u2714<\/td>\r\n                    <td class=\"check\">\u2714<\/td>\r\n                <\/tr>\r\n                <tr>\r\n                    <td class=\"boof-feature\">\r\n                         <div class=\"boof-tooltip\">Landingpage *\r\n                             <span class=\"boof-tooltiptext\">Pr\u00e4sentieren Sie Ihren Rundgang auf einer professionellen Einzelseite statt nur als eingebettetes Fenster.<\/span>\r\n                    <td class=\"cross\">\u2718<\/td>\r\n                    <td class=\"check\">\u2714<\/td>\r\n                    <td class=\"check\">\u2714<\/td>\r\n                <\/tr>\r\n                <tr>\r\n                    <td class=\"boof-feature\">\r\n                         <div class=\"boof-tooltip\">Showcase *\r\n                             <span class=\"boof-tooltiptext\">Eine elegante Portfolio-Seite\u060c auf der Sie mehrere virtuelle Rundg\u00e4nge gleichzeitig pr\u00e4sentieren und nach Kategorien sortieren k\u00f6nnen.<\/span>\r\n                    <td class=\"cross\">\u2718<\/td>\r\n                    <td class=\"check\">\u2714<\/td>\r\n                    <td class=\"check\">\u2714<\/td>\r\n                <\/tr>\r\n                <tr>\r\n                    <td class=\"boof-feature\">\r\n                         <div class=\"boof-tooltip\">Globen *\r\n                             <span class=\"boof-tooltiptext\">Eine interaktive 3D-Weltkugel-Ansicht\u060c die Ihre Rundg\u00e4nge geografisch darstellt. Ideal f\u00fcr Unternehmen mit mehreren Standorten weltweit.<\/span>\r\n                    <td class=\"cross\">\u2718<\/td>\r\n                    <td class=\"check\">\u2714<\/td>\r\n                    <td class=\"check\">\u2714<\/td>\r\n                <\/tr>\r\n                <tr>\r\n                    <td class=\"boof-feature\">\r\n                         <div class=\"boof-tooltip\">Tourenplanung (Maps) *\r\n                             <span class=\"boof-tooltiptext\">Ideal f\u00fcr Unternehmen mit mehreren Filialen. Zeigen Sie alle Ihre Standorte auf einer interaktiven Karte an und binden Sie diese direkt in Ihre Webseite ein.<\/span>\r\n                    <td class=\"cross\">\u2718<\/td>\r\n                    <td class=\"check\">\u2714<\/td>\r\n                    <td class=\"check\">\u2714<\/td>\r\n                <\/tr>\r\n                \r\n                \r\n        \r\n                <tr>\r\n                    <td class=\"boof-feature\">Video & Audio Integration<\/td>\r\n                    <td class=\"check\">\u2714<\/td>\r\n                    <td class=\"check\">\u2714<\/td>\r\n                    <td class=\"check\">\u2714<\/td>\r\n                <\/tr>\r\n                \r\n                <tr>\r\n                    <td class=\"boof-feature\">Live-Sitzung<\/td>\r\n                    <td class=\"cross\">\u2718<\/td>\r\n                    <td class=\"check\">\u2714<\/td>\r\n                    <td class=\"check\">\u2714<\/td>\r\n                <\/tr>\r\n                <tr>\r\n                    <td class=\"boof-feature\">Lead-Generierung (Formulare)<\/td>\r\n                    <td class=\"cross\">\u2718<\/td>\r\n                    <td class=\"check\">\u2714<\/td>\r\n                    <td class=\"check\">\u2714<\/td>\r\n                <\/tr>\r\n                <tr>\r\n                    <td class=\"boof-feature\">Kommentare \/ Rezensionen<\/td>\r\n                    <td class=\"cross\">\u2718<\/td>\r\n                    <td class=\"check\">\u2714<\/td>\r\n                    <td class=\"check\">\u2714<\/td>\r\n                <\/tr>\r\n                <tr>\r\n                    <td class=\"boof-feature\">KI Panorama<\/td>\r\n                    <td class=\"cross\">\u2718<\/td>\r\n                    <td class=\"check\">\u2714<\/td>\r\n                    <td class=\"check\">\u2714<\/td>\r\n                <\/tr>\r\n                <tr>\r\n                    <td class=\"boof-feature\">KI Verbesserung<\/td>\r\n                    <td class=\"cross\">\u2718<\/td>\r\n                    <td class=\"check\">\u2714<\/td>\r\n                    <td class=\"check\">\u2714<\/td>\r\n                <\/tr>\r\n                <tr>\r\n                    <td class=\"boof-feature\">KI Tools generieren<\/td>\r\n                    <td class=\"cross\">\u2718<\/td>\r\n                    <td class=\"check\">\u2714<\/td>\r\n                    <td class=\"check\">\u2714<\/td>\r\n                <\/tr>\r\n\r\n                <tr class=\"boof-section-title\"><td colspan=\"5\">Branding & Design<\/td><\/tr>\r\n                \r\n                <tr>\r\n                    <td class=\"boof-feature\">Eigenes Logo einf\u00fcgen<\/td>\r\n                    <td class=\"check\">\u2714<\/td>\r\n                    <td class=\"check\">\u2714<\/td>\r\n                    <td class=\"check\">\u2714<\/td>\r\n                <\/tr>\r\n                <tr>\r\n                    <td class=\"boof-feature\">Nadir Logo<\/td>\r\n                    <td class=\"check\">\u2714<\/td>\r\n                    <td class=\"check\">\u2714<\/td>\r\n                    <td class=\"check\">\u2714<\/td>\r\n                <\/tr>\r\n                <tr>\r\n                    <td class=\"boof-feature\">White-Label URL<\/td>\r\n                    <td class=\"cross\">\u2718<\/td>\r\n                    <td class=\"check\">\u2714<\/td>\r\n                    <td class=\"check\">\u2714<\/td>\r\n                <\/tr>\r\n                <tr>\r\n                    <td class=\"boof-feature\">Eigenes Html\/CSS\/Design<\/td>\r\n                    <td class=\"cross\">\u2718<\/td>\r\n                    <td class=\"check\">\u2714<\/td>\r\n                    <td class=\"check\">\u2714<\/td>\r\n                <\/tr>\r\n\r\n                <tr class=\"boof-section-title\"><td colspan=\"5\"> Sicherheit<\/td><\/tr>\r\n                <tr>\r\n                    <td class=\"boof-feature\">Passwortschutz<\/td>\r\n                    <td class=\"check\">\u2714<\/td>\r\n                    <td class=\"check\">\u2714<\/td>\r\n                    <td class=\"check\">\u2714<\/td>\r\n                <\/tr>\r\n                <tr>\r\n                    <td class=\"boof-feature\">Analytics & Statistiken<\/td>\r\n                    <td class=\"cross\">\u2718<\/td>\r\n                    <td class=\"check\">\u2714<\/td>\r\n                    <td class=\"check\">\u2714<\/td>\r\n                <\/tr>\r\n\r\n            <\/tbody>\r\n        <\/table>\r\n    <\/div>\r\n\r\n    <div class=\"boof-more-info\">\r\n        <a href=\"https:\/\/vr.boof360.de\/backend\/index.php?p=change_plan\" class=\"btn-more\">Weitere Details ansehen<\/a>\r\n    <\/div>\r\n<\/div>\t\t\t\t<\/div>\n\t\t\t\t<\/div>\n\t\t\t\t\t<\/div>\n\t\t\t\t<\/div>\n\t\t\t\t<\/div>\n\t\t","protected":false},"excerpt":{"rendered":"<p>Was kostet ein virtueller 360-Grad-Rundgang? Detaillierte \u00dcbersicht unserer Leistungen Um Ihnen maximale Flexibilit\u00e4t zu bieten, basiert unsere Preisberechnung auf einem modularen System. So zahlen Sie nur f\u00fcr das, was Sie tats\u00e4chlich ben\u00f6tigen. 1. Einmalige Erstellungskosten (Aufnahme &amp; Bearbeitung) Pro Aufnahme (360\u00b0-Panorama-Shot): 20,- \u20ac Hochaufl\u00f6sende Fotografie Ihrer R\u00e4umlichkeiten mit modernster Technik. Erstellung der Tour (Pro Shot): [&hellip;]<\/p>\n","protected":false},"author":1,"featured_media":0,"parent":0,"menu_order":0,"comment_status":"closed","ping_status":"closed","template":"","meta":{"footnotes":""},"class_list":["post-2037","page","type-page","status-publish","hentry"],"_links":{"self":[{"href":"https:\/\/boof360.de\/index.php\/wp-json\/wp\/v2\/pages\/2037","targetHints":{"allow":["GET"]}}],"collection":[{"href":"https:\/\/boof360.de\/index.php\/wp-json\/wp\/v2\/pages"}],"about":[{"href":"https:\/\/boof360.de\/index.php\/wp-json\/wp\/v2\/types\/page"}],"author":[{"embeddable":true,"href":"https:\/\/boof360.de\/index.php\/wp-json\/wp\/v2\/users\/1"}],"replies":[{"embeddable":true,"href":"https:\/\/boof360.de\/index.php\/wp-json\/wp\/v2\/comments?post=2037"}],"version-history":[{"count":41,"href":"https:\/\/boof360.de\/index.php\/wp-json\/wp\/v2\/pages\/2037\/revisions"}],"predecessor-version":[{"id":2745,"href":"https:\/\/boof360.de\/index.php\/wp-json\/wp\/v2\/pages\/2037\/revisions\/2745"}],"wp:attachment":[{"href":"https:\/\/boof360.de\/index.php\/wp-json\/wp\/v2\/media?parent=2037"}],"curies":[{"name":"wp","href":"https:\/\/api.w.org\/{rel}","templated":true}]}}